{"id":1939,"date":"2023-05-14T18:21:33","date_gmt":"2023-05-14T18:21:33","guid":{"rendered":"https:\/\/crece-en-libertad.fr\/?page_id=1939"},"modified":"2023-05-14T18:23:26","modified_gmt":"2023-05-14T18:23:26","slug":"1939-2","status":"publish","type":"page","link":"https:\/\/crece-en-libertad.org\/?page_id=1939","title":{"rendered":"Uso de cookies"},"content":{"rendered":"\n<p><br>Bienvenido a la p\u00e1gina de aviso sobre el uso de cookies en el sitio web de nuestra asociaci\u00f3n. Esta p\u00e1gina ha sido creada para informarle sobre c\u00f3mo nuestro sitio web utiliza cookies, a fin de garantizar que su experiencia de navegaci\u00f3n sea lo m\u00e1s agradable y segura posible.<\/p>\n\n\n\n<h3 class=\"wp-block-heading\">\u00bfQu\u00e9 es una cookie? <\/h3>\n\n\n\n<p>Una cookie es un peque\u00f1o archivo de texto que se almacena en su computadora o dispositivo m\u00f3vil cuando visita un sitio web. Las cookies se utilizan para almacenar informaci\u00f3n sobre sus preferencias de navegaci\u00f3n, personalizar el contenido que se muestra en el sitio y permitir que los usuarios inicien sesi\u00f3n en sus cuentas.<\/p>\n\n\n\n<h3 class=\"wp-block-heading\">\u00bfQu\u00e9 cookies se utilizan en nuestro sitio?<\/h3>\n\n\n\n<p> Nuestro sitio web utiliza cookies de primera parte para recopilar informaci\u00f3n sobre c\u00f3mo los visitantes interact\u00faan con nuestro sitio web. Estas cookies nos ayudan a mejorar nuestro sitio web al proporcionar informaci\u00f3n sobre las p\u00e1ginas m\u00e1s populares, el tiempo que se pasa en cada p\u00e1gina y otros datos similares.<\/p>\n\n\n\n<p>Tambi\u00e9n utilizamos cookies de terceros, como Google Analytics, para recopilar informaci\u00f3n sobre c\u00f3mo los visitantes interact\u00faan con nuestro sitio. Estas cookies nos ayudan a comprender mejor c\u00f3mo los visitantes utilizan nuestro sitio, lo que nos permite mejorarlo en consecuencia.<\/p>\n\n\n\n<h3 class=\"wp-block-heading\">\u00bfC\u00f3mo puedo controlar las cookies? <\/h3>\n\n\n\n<p>Puede controlar las cookies cambiando la configuraci\u00f3n de su navegador. La mayor\u00eda de los navegadores le permiten rechazar las cookies o eliminarlas por completo. Tenga en cuenta que si elige desactivar las cookies, es posible que algunas funciones de nuestro sitio web no funcionen correctamente.<\/p>\n\n\n\n<p>En conclusi\u00f3n, esperamos que esta p\u00e1gina de aviso sobre el uso de cookies le haya sido \u00fatil y que ahora est\u00e9 mejor informado sobre c\u00f3mo nuestro sitio utiliza cookies para mejorar su experiencia de navegaci\u00f3n. Si tiene preguntas adicionales, no dude en ponerse en contacto con nosotros.<\/p>\n","protected":false},"excerpt":{"rendered":"<p>Bienvenido a la p\u00e1gina de aviso sobre el uso de cookies en el sitio web de nuestra asociaci\u00f3n. Esta p\u00e1gina ha sido creada para informarle &hellip;<\/p>\n","protected":false},"author":1,"featured_media":0,"parent":0,"menu_order":0,"comment_status":"closed","ping_status":"closed","template":"","meta":{"om_disable_all_campaigns":false,"_monsterinsights_skip_tracking":false,"_monsterinsights_sitenote_active":false,"_monsterinsights_sitenote_note":"","_monsterinsights_sitenote_category":0,"footnotes":""},"class_list":["post-1939","page","type-page","status-publish","hentry"],"aioseo_notices":[],"_links":{"self":[{"href":"https:\/\/crece-en-libertad.org\/index.php?rest_route=\/wp\/v2\/pages\/1939","targetHints":{"allow":["GET"]}}],"collection":[{"href":"https:\/\/crece-en-libertad.org\/index.php?rest_route=\/wp\/v2\/pages"}],"about":[{"href":"https:\/\/crece-en-libertad.org\/index.php?rest_route=\/wp\/v2\/types\/page"}],"author":[{"embeddable":true,"href":"https:\/\/crece-en-libertad.org\/index.php?rest_route=\/wp\/v2\/users\/1"}],"replies":[{"embeddable":true,"href":"https:\/\/crece-en-libertad.org\/index.php?rest_route=%2Fwp%2Fv2%2Fcomments&post=1939"}],"version-history":[{"count":2,"href":"https:\/\/crece-en-libertad.org\/index.php?rest_route=\/wp\/v2\/pages\/1939\/revisions"}],"predecessor-version":[{"id":1943,"href":"https:\/\/crece-en-libertad.org\/index.php?rest_route=\/wp\/v2\/pages\/1939\/revisions\/1943"}],"wp:attachment":[{"href":"https:\/\/crece-en-libertad.org\/index.php?rest_route=%2Fwp%2Fv2%2Fmedia&parent=1939"}],"curies":[{"name":"wp","href":"https:\/\/api.w.org\/{rel}","templated":true}]}}